{"id":1794,"date":"2025-07-03T19:49:19","date_gmt":"2025-07-03T17:49:19","guid":{"rendered":"https:\/\/riptona.lt\/?page_id=1794"},"modified":"2025-07-03T20:18:54","modified_gmt":"2025-07-03T18:18:54","slug":"paslaugu-atsisakymas","status":"publish","type":"page","link":"https:\/\/riptona.lt\/en\/paslaugu-atsisakymas\/","title":{"rendered":"Service cancellation"},"content":{"rendered":"<div data-elementor-type=\"wp-page\" data-elementor-id=\"1794\" class=\"elementor elementor-1794\" data-elementor-post-type=\"page\">\n\t\t\t\t<div class=\"elementor-element elementor-element-164f607a e-flex e-con-boxed e-con e-parent\" data-id=\"164f607a\" data-element_type=\"container\">\n\t\t\t\t\t<div class=\"e-con-inner\">\n\t\t\t\t<div class=\"elementor-element elementor-element-27683ed6 elementor-widget elementor-widget-text-editor\" data-id=\"27683ed6\" data-element_type=\"widget\" data-widget_type=\"text-editor.default\">\n\t\t\t\t<div class=\"elementor-widget-container\">\n\t\t\t\t\t\t\t\t\t<p class=\" translation-block\">1. The client has the right to cancel the service before the work begins \u2013 in such case, 100% of the paid amount will be refunded. <\/br>\n\n2. If the client cancels the service after the work has started, only the portion of the amount corresponding to the unfinished work will be refunded.<\/br>\n\n3. Riptona.lt reserves the right not to commence work until an advance payment (if required) is received or the task is confirmed.<\/br><\/p><div class=\"elementor-element elementor-element-52715e3 e-flex e-con-boxed e-con e-parent e-lazyloaded\" data-id=\"52715e3\" data-element_type=\"container\"><div class=\"e-con-inner\"><div class=\"elementor-element elementor-element-0c1c5d8 elementor-widget elementor-widget-text-editor\" data-id=\"0c1c5d8\" data-element_type=\"widget\" data-widget_type=\"text-editor.default\"><div class=\"elementor-widget-container\">Updated on 2025-06-06<\/div><\/div><\/div><\/div>\t\t\t\t\t\t\t\t<\/div>\n\t\t\t\t<\/div>\n\t\t\t\t\t<\/div>\n\t\t\t\t<\/div>\n\t\t\t\t<\/div>","protected":false},"excerpt":{"rendered":"<p>1. Klientas turi teis\u0119 atsisakyti paslaug\u0173 iki darb\u0173 prad\u017eios \u2013 tokiu atveju gr\u0105\u017einama 100 % sumok\u0117tos sumos.2. Jei klientas atsisako paslaugos jau prad\u0117jus darb\u0105, gr\u0105\u017einama tik ta dalis sumos, kuri proporcinga neatliktam darbui.3. Riptona.lt pasilieka teis\u0119 neprad\u0117ti darb\u0173, kol n\u0117ra gautas avansinis mok\u0117jimas (jei toks numatytas) arba nepatvirtinta u\u017eduotis. Atnaujinta 2025-06-06<\/p>","protected":false},"author":1,"featured_media":0,"parent":0,"menu_order":0,"comment_status":"closed","ping_status":"closed","template":"","meta":{"site-sidebar-layout":"default","site-content-layout":"","ast-site-content-layout":"","site-content-style":"default","site-sidebar-style":"default","ast-global-header-display":"","ast-banner-title-visibility":"","ast-main-header-display":"","ast-hfb-above-header-display":"","ast-hfb-below-header-display":"","ast-hfb-mobile-header-display":"","site-post-title":"","ast-breadcrumbs-content":"","ast-featured-img":"","footer-sml-layout":"","theme-transparent-header-meta":"","adv-header-id-meta":"","stick-header-meta":"","header-above-stick-meta":"","header-main-stick-meta":"","header-below-stick-meta":"","astra-migrate-meta-layouts":"default","ast-page-background-enabled":"default","ast-page-background-meta":{"desktop":{"background-color":"var(--ast-global-color-4)","background-image":"","background-repeat":"repeat","background-position":"center center","background-size":"auto","background-attachment":"scroll","background-type":"","background-media":"","overlay-type":"","overlay-color":"","overlay-opacity":"","overlay-gradient":""},"tablet":{"background-color":"","background-image":"","background-repeat":"repeat","background-position":"center center","background-size":"auto","background-attachment":"scroll","background-type":"","background-media":"","overlay-type":"","overlay-color":"","overlay-opacity":"","overlay-gradient":""},"mobile":{"background-color":"","background-image":"","background-repeat":"repeat","background-position":"center center","background-size":"auto","background-attachment":"scroll","background-type":"","background-media":"","overlay-type":"","overlay-color":"","overlay-opacity":"","overlay-gradient":""}},"ast-content-background-meta":{"desktop":{"background-color":"var(--ast-global-color-5)","background-image":"","background-repeat":"repeat","background-position":"center center","background-size":"auto","background-attachment":"scroll","background-type":"","background-media":"","overlay-type":"","overlay-color":"","overlay-opacity":"","overlay-gradient":""},"tablet":{"background-color":"var(--ast-global-color-5)","background-image":"","background-repeat":"repeat","background-position":"center center","background-size":"auto","background-attachment":"scroll","background-type":"","background-media":"","overlay-type":"","overlay-color":"","overlay-opacity":"","overlay-gradient":""},"mobile":{"background-color":"var(--ast-global-color-5)","background-image":"","background-repeat":"repeat","background-position":"center center","background-size":"auto","background-attachment":"scroll","background-type":"","background-media":"","overlay-type":"","overlay-color":"","overlay-opacity":"","overlay-gradient":""}},"footnotes":""},"class_list":["post-1794","page","type-page","status-publish","hentry"],"yoast_head":"<!-- This site is optimized with the Yoast SEO Premium plugin v22.4 (Yoast SEO v25.2) - https:\/\/yoast.com\/wordpress\/plugins\/seo\/ -->\n<title>Paslaug\u0173 atsisakymas -<\/title>\n<meta name=\"robots\" content=\"index, follow, max-snippet:-1, max-image-preview:large, max-video-preview:-1\" \/>\n<link rel=\"canonical\" href=\"https:\/\/riptona.lt\/en\/paslaugu-atsisakymas\/\" \/>\n<meta property=\"og:locale\" content=\"en_GB\" \/>\n<meta property=\"og:type\" content=\"article\" \/>\n<meta property=\"og:title\" content=\"Paslaug\u0173 atsisakymas\" \/>\n<meta property=\"og:description\" content=\"1. Klientas turi teis\u0119 atsisakyti paslaug\u0173 iki darb\u0173 prad\u017eios \u2013 tokiu atveju gr\u0105\u017einama 100 % sumok\u0117tos sumos.2. Jei klientas atsisako paslaugos jau prad\u0117jus darb\u0105, gr\u0105\u017einama tik ta dalis sumos, kuri proporcinga neatliktam darbui.3. Riptona.lt pasilieka teis\u0119 neprad\u0117ti darb\u0173, kol n\u0117ra gautas avansinis mok\u0117jimas (jei toks numatytas) arba nepatvirtinta u\u017eduotis. Atnaujinta 2025-06-06\" \/>\n<meta property=\"og:url\" content=\"https:\/\/riptona.lt\/en\/paslaugu-atsisakymas\/\" \/>\n<meta property=\"article:modified_time\" content=\"2025-07-03T18:18:54+00:00\" \/>\n<meta name=\"twitter:card\" content=\"summary_large_image\" \/>\n<meta name=\"twitter:label1\" content=\"Estimated reading time\" \/>\n\t<meta name=\"twitter:data1\" content=\"1 minute\" \/>\n<script type=\"application\/ld+json\" class=\"yoast-schema-graph\">{\"@context\":\"https:\/\/schema.org\",\"@graph\":[{\"@type\":\"WebPage\",\"@id\":\"https:\/\/riptona.lt\/paslaugu-atsisakymas\/\",\"url\":\"https:\/\/riptona.lt\/paslaugu-atsisakymas\/\",\"name\":\"Paslaug\u0173 atsisakymas -\",\"isPartOf\":{\"@id\":\"https:\/\/riptona.lt\/#website\"},\"datePublished\":\"2025-07-03T17:49:19+00:00\",\"dateModified\":\"2025-07-03T18:18:54+00:00\",\"breadcrumb\":{\"@id\":\"https:\/\/riptona.lt\/paslaugu-atsisakymas\/#breadcrumb\"},\"inLanguage\":\"en-GB\",\"potentialAction\":[{\"@type\":\"ReadAction\",\"target\":[\"https:\/\/riptona.lt\/paslaugu-atsisakymas\/\"]}]},{\"@type\":\"BreadcrumbList\",\"@id\":\"https:\/\/riptona.lt\/paslaugu-atsisakymas\/#breadcrumb\",\"itemListElement\":[{\"@type\":\"ListItem\",\"position\":1,\"name\":\"Home\",\"item\":\"https:\/\/riptona.lt\/\"},{\"@type\":\"ListItem\",\"position\":2,\"name\":\"Paslaug\u0173 atsisakymas\"}]},{\"@type\":\"WebSite\",\"@id\":\"https:\/\/riptona.lt\/#website\",\"url\":\"https:\/\/riptona.lt\/\",\"name\":\"\",\"description\":\"\",\"potentialAction\":[{\"@type\":\"SearchAction\",\"target\":{\"@type\":\"EntryPoint\",\"urlTemplate\":\"https:\/\/riptona.lt\/?s={search_term_string}\"},\"query-input\":{\"@type\":\"PropertyValueSpecification\",\"valueRequired\":true,\"valueName\":\"search_term_string\"}}],\"inLanguage\":\"en-GB\"}]}<\/script>\n<!-- \/ Yoast SEO Premium plugin. -->","yoast_head_json":{"title":"Paslaug\u0173 atsisakymas -","robots":{"index":"index","follow":"follow","max-snippet":"max-snippet:-1","max-image-preview":"max-image-preview:large","max-video-preview":"max-video-preview:-1"},"canonical":"https:\/\/riptona.lt\/en\/paslaugu-atsisakymas\/","og_locale":"en_GB","og_type":"article","og_title":"Paslaug\u0173 atsisakymas","og_description":"1. Klientas turi teis\u0119 atsisakyti paslaug\u0173 iki darb\u0173 prad\u017eios \u2013 tokiu atveju gr\u0105\u017einama 100 % sumok\u0117tos sumos.2. Jei klientas atsisako paslaugos jau prad\u0117jus darb\u0105, gr\u0105\u017einama tik ta dalis sumos, kuri proporcinga neatliktam darbui.3. Riptona.lt pasilieka teis\u0119 neprad\u0117ti darb\u0173, kol n\u0117ra gautas avansinis mok\u0117jimas (jei toks numatytas) arba nepatvirtinta u\u017eduotis. Atnaujinta 2025-06-06","og_url":"https:\/\/riptona.lt\/en\/paslaugu-atsisakymas\/","article_modified_time":"2025-07-03T18:18:54+00:00","twitter_card":"summary_large_image","twitter_misc":{"Estimated reading time":"1 minute"},"schema":{"@context":"https:\/\/schema.org","@graph":[{"@type":"WebPage","@id":"https:\/\/riptona.lt\/paslaugu-atsisakymas\/","url":"https:\/\/riptona.lt\/paslaugu-atsisakymas\/","name":"Paslaug\u0173 atsisakymas -","isPartOf":{"@id":"https:\/\/riptona.lt\/#website"},"datePublished":"2025-07-03T17:49:19+00:00","dateModified":"2025-07-03T18:18:54+00:00","breadcrumb":{"@id":"https:\/\/riptona.lt\/paslaugu-atsisakymas\/#breadcrumb"},"inLanguage":"en-GB","potentialAction":[{"@type":"ReadAction","target":["https:\/\/riptona.lt\/paslaugu-atsisakymas\/"]}]},{"@type":"BreadcrumbList","@id":"https:\/\/riptona.lt\/paslaugu-atsisakymas\/#breadcrumb","itemListElement":[{"@type":"ListItem","position":1,"name":"Home","item":"https:\/\/riptona.lt\/"},{"@type":"ListItem","position":2,"name":"Paslaug\u0173 atsisakymas"}]},{"@type":"WebSite","@id":"https:\/\/riptona.lt\/#website","url":"https:\/\/riptona.lt\/","name":"","description":"","potentialAction":[{"@type":"SearchAction","target":{"@type":"EntryPoint","urlTemplate":"https:\/\/riptona.lt\/?s={search_term_string}"},"query-input":{"@type":"PropertyValueSpecification","valueRequired":true,"valueName":"search_term_string"}}],"inLanguage":"en-GB"}]}},"_links":{"self":[{"href":"https:\/\/riptona.lt\/en\/wp-json\/wp\/v2\/pages\/1794","targetHints":{"allow":["GET"]}}],"collection":[{"href":"https:\/\/riptona.lt\/en\/wp-json\/wp\/v2\/pages"}],"about":[{"href":"https:\/\/riptona.lt\/en\/wp-json\/wp\/v2\/types\/page"}],"author":[{"embeddable":true,"href":"https:\/\/riptona.lt\/en\/wp-json\/wp\/v2\/users\/1"}],"replies":[{"embeddable":true,"href":"https:\/\/riptona.lt\/en\/wp-json\/wp\/v2\/comments?post=1794"}],"version-history":[{"count":10,"href":"https:\/\/riptona.lt\/en\/wp-json\/wp\/v2\/pages\/1794\/revisions"}],"predecessor-version":[{"id":1830,"href":"https:\/\/riptona.lt\/en\/wp-json\/wp\/v2\/pages\/1794\/revisions\/1830"}],"wp:attachment":[{"href":"https:\/\/riptona.lt\/en\/wp-json\/wp\/v2\/media?parent=1794"}],"curies":[{"name":"wp","href":"https:\/\/api.w.org\/{rel}","templated":true}]}}