{"id":1792,"date":"2025-07-03T19:48:48","date_gmt":"2025-07-03T17:48:48","guid":{"rendered":"https:\/\/riptona.lt\/?page_id=1792"},"modified":"2025-07-03T20:20:11","modified_gmt":"2025-07-03T18:20:11","slug":"grazinimo-salygos","status":"publish","type":"page","link":"https:\/\/riptona.lt\/en\/grazinimo-salygos\/","title":{"rendered":"Refund policy"},"content":{"rendered":"<div data-elementor-type=\"wp-page\" data-elementor-id=\"1792\" class=\"elementor elementor-1792\" data-elementor-post-type=\"page\">\n\t\t\t\t<div class=\"elementor-element elementor-element-164f607a e-flex e-con-boxed e-con e-parent\" data-id=\"164f607a\" data-element_type=\"container\">\n\t\t\t\t\t<div class=\"e-con-inner\">\n\t\t\t\t<div class=\"elementor-element elementor-element-27683ed6 elementor-widget elementor-widget-text-editor\" data-id=\"27683ed6\" data-element_type=\"widget\" data-widget_type=\"text-editor.default\">\n\t\t\t\t<div class=\"elementor-widget-container translation-block\">1. Refunds are applicable only if the services have not been provided or if the client reasonably refuses the service, as specified in Section 3. <\/br>\n2. If the client is not satisfied with the final result, Riptona, UAB undertakes to correct the deficiencies within a reasonable time. <\/br>\n3. If a dispute regarding the quality of services cannot be resolved amicably, the parties may refer the matter to the State Consumer Rights Protection Authority or settle the dispute in court in accordance with the laws of the Republic of Lithuania. <\/br><\/br>\n\nUpdated on 2025-06-06<\/div>\n\t\t\t\t<\/div>\n\t\t\t\t\t<\/div>\n\t\t\t\t<\/div>\n\t\t\t\t<\/div>","protected":false},"excerpt":{"rendered":"<p>1. Pinig\u0173 gr\u0105\u017einimas taikomas tik tuo atveju, jei paslaugos nebuvo suteiktos arba klientas pagr\u012fstai atsisako paslaugos, kaip nurodyta 3 skyriuje.2. Jei klientas n\u0117ra patenkintas galutiniu rezultatu, Riptona, UAB \u012fsipareigoja per pagr\u012fst\u0105 termin\u0105 i\u0161taisyti tr\u016bkumus.3. Jei gin\u010das d\u0117l paslaug\u0173 kokyb\u0117s nei\u0161sprend\u017eiamas taikiai, \u0161alys gali kreiptis \u012f Valstybin\u0119 vartotoj\u0173 teisi\u0173 apsaugos tarnyb\u0105 arba spr\u0119sti gin\u010d\u0105 teisme Lietuvos [&hellip;]<\/p>","protected":false},"author":1,"featured_media":0,"parent":0,"menu_order":0,"comment_status":"closed","ping_status":"closed","template":"","meta":{"site-sidebar-layout":"default","site-content-layout":"","ast-site-content-layout":"","site-content-style":"default","site-sidebar-style":"default","ast-global-header-display":"","ast-banner-title-visibility":"","ast-main-header-display":"","ast-hfb-above-header-display":"","ast-hfb-below-header-display":"","ast-hfb-mobile-header-display":"","site-post-title":"","ast-breadcrumbs-content":"","ast-featured-img":"","footer-sml-layout":"","theme-transparent-header-meta":"","adv-header-id-meta":"","stick-header-meta":"","header-above-stick-meta":"","header-main-stick-meta":"","header-below-stick-meta":"","astra-migrate-meta-layouts":"default","ast-page-background-enabled":"default","ast-page-background-meta":{"desktop":{"background-color":"var(--ast-global-color-4)","background-image":"","background-repeat":"repeat","background-position":"center center","background-size":"auto","background-attachment":"scroll","background-type":"","background-media":"","overlay-type":"","overlay-color":"","overlay-opacity":"","overlay-gradient":""},"tablet":{"background-color":"","background-image":"","background-repeat":"repeat","background-position":"center center","background-size":"auto","background-attachment":"scroll","background-type":"","background-media":"","overlay-type":"","overlay-color":"","overlay-opacity":"","overlay-gradient":""},"mobile":{"background-color":"","background-image":"","background-repeat":"repeat","background-position":"center center","background-size":"auto","background-attachment":"scroll","background-type":"","background-media":"","overlay-type":"","overlay-color":"","overlay-opacity":"","overlay-gradient":""}},"ast-content-background-meta":{"desktop":{"background-color":"var(--ast-global-color-5)","background-image":"","background-repeat":"repeat","background-position":"center center","background-size":"auto","background-attachment":"scroll","background-type":"","background-media":"","overlay-type":"","overlay-color":"","overlay-opacity":"","overlay-gradient":""},"tablet":{"background-color":"var(--ast-global-color-5)","background-image":"","background-repeat":"repeat","background-position":"center center","background-size":"auto","background-attachment":"scroll","background-type":"","background-media":"","overlay-type":"","overlay-color":"","overlay-opacity":"","overlay-gradient":""},"mobile":{"background-color":"var(--ast-global-color-5)","background-image":"","background-repeat":"repeat","background-position":"center center","background-size":"auto","background-attachment":"scroll","background-type":"","background-media":"","overlay-type":"","overlay-color":"","overlay-opacity":"","overlay-gradient":""}},"footnotes":""},"class_list":["post-1792","page","type-page","status-publish","hentry"],"yoast_head":"<!-- This site is optimized with the Yoast SEO Premium plugin v22.4 (Yoast SEO v25.2) - https:\/\/yoast.com\/wordpress\/plugins\/seo\/ -->\n<title>Gr\u0105\u017einimo s\u0105lygos -<\/title>\n<meta name=\"robots\" content=\"index, follow, max-snippet:-1, max-image-preview:large, max-video-preview:-1\" \/>\n<link rel=\"canonical\" href=\"https:\/\/riptona.lt\/en\/grazinimo-salygos\/\" \/>\n<meta property=\"og:locale\" content=\"en_GB\" \/>\n<meta property=\"og:type\" content=\"article\" \/>\n<meta property=\"og:title\" content=\"Gr\u0105\u017einimo s\u0105lygos\" \/>\n<meta property=\"og:description\" content=\"1. Pinig\u0173 gr\u0105\u017einimas taikomas tik tuo atveju, jei paslaugos nebuvo suteiktos arba klientas pagr\u012fstai atsisako paslaugos, kaip nurodyta 3 skyriuje.2. Jei klientas n\u0117ra patenkintas galutiniu rezultatu, Riptona, UAB \u012fsipareigoja per pagr\u012fst\u0105 termin\u0105 i\u0161taisyti tr\u016bkumus.3. Jei gin\u010das d\u0117l paslaug\u0173 kokyb\u0117s nei\u0161sprend\u017eiamas taikiai, \u0161alys gali kreiptis \u012f Valstybin\u0119 vartotoj\u0173 teisi\u0173 apsaugos tarnyb\u0105 arba spr\u0119sti gin\u010d\u0105 teisme Lietuvos [&hellip;]\" \/>\n<meta property=\"og:url\" content=\"https:\/\/riptona.lt\/en\/grazinimo-salygos\/\" \/>\n<meta property=\"article:modified_time\" content=\"2025-07-03T18:20:11+00:00\" \/>\n<meta name=\"twitter:card\" content=\"summary_large_image\" \/>\n<meta name=\"twitter:label1\" content=\"Estimated reading time\" \/>\n\t<meta name=\"twitter:data1\" content=\"1 minute\" \/>\n<script type=\"application\/ld+json\" class=\"yoast-schema-graph\">{\"@context\":\"https:\/\/schema.org\",\"@graph\":[{\"@type\":\"WebPage\",\"@id\":\"https:\/\/riptona.lt\/grazinimo-salygos\/\",\"url\":\"https:\/\/riptona.lt\/grazinimo-salygos\/\",\"name\":\"Gr\u0105\u017einimo s\u0105lygos -\",\"isPartOf\":{\"@id\":\"https:\/\/riptona.lt\/#website\"},\"datePublished\":\"2025-07-03T17:48:48+00:00\",\"dateModified\":\"2025-07-03T18:20:11+00:00\",\"breadcrumb\":{\"@id\":\"https:\/\/riptona.lt\/grazinimo-salygos\/#breadcrumb\"},\"inLanguage\":\"en-GB\",\"potentialAction\":[{\"@type\":\"ReadAction\",\"target\":[\"https:\/\/riptona.lt\/grazinimo-salygos\/\"]}]},{\"@type\":\"BreadcrumbList\",\"@id\":\"https:\/\/riptona.lt\/grazinimo-salygos\/#breadcrumb\",\"itemListElement\":[{\"@type\":\"ListItem\",\"position\":1,\"name\":\"Home\",\"item\":\"https:\/\/riptona.lt\/\"},{\"@type\":\"ListItem\",\"position\":2,\"name\":\"Gr\u0105\u017einimo s\u0105lygos\"}]},{\"@type\":\"WebSite\",\"@id\":\"https:\/\/riptona.lt\/#website\",\"url\":\"https:\/\/riptona.lt\/\",\"name\":\"\",\"description\":\"\",\"potentialAction\":[{\"@type\":\"SearchAction\",\"target\":{\"@type\":\"EntryPoint\",\"urlTemplate\":\"https:\/\/riptona.lt\/?s={search_term_string}\"},\"query-input\":{\"@type\":\"PropertyValueSpecification\",\"valueRequired\":true,\"valueName\":\"search_term_string\"}}],\"inLanguage\":\"en-GB\"}]}<\/script>\n<!-- \/ Yoast SEO Premium plugin. -->","yoast_head_json":{"title":"Gr\u0105\u017einimo s\u0105lygos -","robots":{"index":"index","follow":"follow","max-snippet":"max-snippet:-1","max-image-preview":"max-image-preview:large","max-video-preview":"max-video-preview:-1"},"canonical":"https:\/\/riptona.lt\/en\/grazinimo-salygos\/","og_locale":"en_GB","og_type":"article","og_title":"Gr\u0105\u017einimo s\u0105lygos","og_description":"1. Pinig\u0173 gr\u0105\u017einimas taikomas tik tuo atveju, jei paslaugos nebuvo suteiktos arba klientas pagr\u012fstai atsisako paslaugos, kaip nurodyta 3 skyriuje.2. Jei klientas n\u0117ra patenkintas galutiniu rezultatu, Riptona, UAB \u012fsipareigoja per pagr\u012fst\u0105 termin\u0105 i\u0161taisyti tr\u016bkumus.3. Jei gin\u010das d\u0117l paslaug\u0173 kokyb\u0117s nei\u0161sprend\u017eiamas taikiai, \u0161alys gali kreiptis \u012f Valstybin\u0119 vartotoj\u0173 teisi\u0173 apsaugos tarnyb\u0105 arba spr\u0119sti gin\u010d\u0105 teisme Lietuvos [&hellip;]","og_url":"https:\/\/riptona.lt\/en\/grazinimo-salygos\/","article_modified_time":"2025-07-03T18:20:11+00:00","twitter_card":"summary_large_image","twitter_misc":{"Estimated reading time":"1 minute"},"schema":{"@context":"https:\/\/schema.org","@graph":[{"@type":"WebPage","@id":"https:\/\/riptona.lt\/grazinimo-salygos\/","url":"https:\/\/riptona.lt\/grazinimo-salygos\/","name":"Gr\u0105\u017einimo s\u0105lygos -","isPartOf":{"@id":"https:\/\/riptona.lt\/#website"},"datePublished":"2025-07-03T17:48:48+00:00","dateModified":"2025-07-03T18:20:11+00:00","breadcrumb":{"@id":"https:\/\/riptona.lt\/grazinimo-salygos\/#breadcrumb"},"inLanguage":"en-GB","potentialAction":[{"@type":"ReadAction","target":["https:\/\/riptona.lt\/grazinimo-salygos\/"]}]},{"@type":"BreadcrumbList","@id":"https:\/\/riptona.lt\/grazinimo-salygos\/#breadcrumb","itemListElement":[{"@type":"ListItem","position":1,"name":"Home","item":"https:\/\/riptona.lt\/"},{"@type":"ListItem","position":2,"name":"Gr\u0105\u017einimo s\u0105lygos"}]},{"@type":"WebSite","@id":"https:\/\/riptona.lt\/#website","url":"https:\/\/riptona.lt\/","name":"","description":"","potentialAction":[{"@type":"SearchAction","target":{"@type":"EntryPoint","urlTemplate":"https:\/\/riptona.lt\/?s={search_term_string}"},"query-input":{"@type":"PropertyValueSpecification","valueRequired":true,"valueName":"search_term_string"}}],"inLanguage":"en-GB"}]}},"_links":{"self":[{"href":"https:\/\/riptona.lt\/en\/wp-json\/wp\/v2\/pages\/1792","targetHints":{"allow":["GET"]}}],"collection":[{"href":"https:\/\/riptona.lt\/en\/wp-json\/wp\/v2\/pages"}],"about":[{"href":"https:\/\/riptona.lt\/en\/wp-json\/wp\/v2\/types\/page"}],"author":[{"embeddable":true,"href":"https:\/\/riptona.lt\/en\/wp-json\/wp\/v2\/users\/1"}],"replies":[{"embeddable":true,"href":"https:\/\/riptona.lt\/en\/wp-json\/wp\/v2\/comments?post=1792"}],"version-history":[{"count":13,"href":"https:\/\/riptona.lt\/en\/wp-json\/wp\/v2\/pages\/1792\/revisions"}],"predecessor-version":[{"id":1833,"href":"https:\/\/riptona.lt\/en\/wp-json\/wp\/v2\/pages\/1792\/revisions\/1833"}],"wp:attachment":[{"href":"https:\/\/riptona.lt\/en\/wp-json\/wp\/v2\/media?parent=1792"}],"curies":[{"name":"wp","href":"https:\/\/api.w.org\/{rel}","templated":true}]}}